{"id":185,"date":"2021-08-20T15:45:42","date_gmt":"2021-08-20T18:45:42","guid":{"rendered":"https:\/\/henripel.com.br\/?page_id=185"},"modified":"2026-01-20T17:43:40","modified_gmt":"2026-01-20T20:43:40","slug":"a-henripel","status":"publish","type":"page","link":"https:\/\/www.henripel.com.br\/index.php\/a-henripel\/","title":{"rendered":"A Henripel"},"content":{"rendered":"\n<div class=\"wp-block-group alignfull\"><div class=\"wp-block-group__inner-container is-layout-constrained wp-block-group-is-layout-constrained\">\n<div class=\"wp-block-columns alignfull is-layout-flex wp-container-core-columns-is-layout-9d6595d7 wp-block-columns-is-layout-flex\">\n<div class=\"wp-block-column is-vertically-aligned-stretch is-layout-flow wp-block-column-is-layout-flow\" style=\"flex-basis:100%\">\n<p class=\"has-text-align-center has-black-color has-text-color has-medium-font-size\">Somos uma empresa especializada na gest\u00e3o de res\u00edduos s\u00f3lidos recicl\u00e1veis e perigosos (classes I e II), oferecendo solu\u00e7\u00f5es completas e sustent\u00e1veis para ind\u00fastrias, com\u00e9rcios e diversos segmentos.<\/p>\n\n\n\n<p class=\"has-text-align-center has-medium-font-size\">Com mais de 14 anos de experi\u00eancia no mercado, unimos agilidade, comprometimento e responsabilidade ambiental para garantir a destina\u00e7\u00e3o correta de cada tipo de res\u00edduo.<\/p>\n\n\n\n<p class=\"has-text-align-center has-medium-font-size\">Tamb\u00e9m contamos com m\u00e3o de obra altamente especializada para opera\u00e7\u00f5es e servi\u00e7os t\u00e9cnicos, assegurando efici\u00eancia, regularidade e total conformidade com as exig\u00eancias legais e ambientais.<\/p>\n\n\n\n<p class=\"has-text-align-center has-black-color has-text-color has-medium-font-size\">Nosso compromisso \u00e9 oferecer atendimento r\u00e1pido, seguro e respons\u00e1vel, contribuindo para um futuro mais limpo e sustent\u00e1vel.<\/p>\n<\/div>\n<\/div>\n<\/div><\/div>\n\n\n\n<div class=\"wp-block-columns alignwide is-layout-flex wp-container-core-columns-is-layout-9d6595d7 wp-block-columns-is-layout-flex\">\n<div class=\"wp-block-column is-layout-flow wp-block-column-is-layout-flow\" style=\"flex-basis:100%\">\n<div class=\"wp-block-group\"><div class=\"wp-block-group__inner-container is-layout-flow wp-block-group-is-layout-flow\">\n<div class=\"wp-block-columns is-layout-flex wp-container-core-columns-is-layout-9d6595d7 wp-block-columns-is-layout-flex\">\n<div class=\"wp-block-column is-layout-flow wp-block-column-is-layout-flow\" style=\"flex-basis:100%\">\n<div class=\"wp-block-group alignwide\"><div class=\"wp-block-group__inner-container is-layout-flow wp-block-group-is-layout-flow\">\n<figure class=\"wp-block-gallery alignwide has-nested-images columns-default is-cropped wp-block-gallery-1 is-layout-flex wp-block-gallery-is-layout-flex\">\n<figure class=\"wp-block-image size-large\"><img loading=\"lazy\" decoding=\"async\" width=\"780\" height=\"354\" data-id=\"252\" src=\"https:\/\/henripel.com.br\/wp-content\/uploads\/2021\/08\/residuos-solidos-perigoso.jpg\" alt=\"\" class=\"wp-image-252\" srcset=\"https:\/\/www.henripel.com.br\/wp-content\/uploads\/2021\/08\/residuos-solidos-perigoso.jpg 780w, https:\/\/www.henripel.com.br\/wp-content\/uploads\/2021\/08\/residuos-solidos-perigoso-300x136.jpg 300w, https:\/\/www.henripel.com.br\/wp-content\/uploads\/2021\/08\/residuos-solidos-perigoso-768x349.jpg 768w\" sizes=\"auto, (max-width: 780px) 100vw, 780px\" \/><\/figure>\n\n\n\n<figure class=\"wp-block-image size-large\"><img loading=\"lazy\" decoding=\"async\" width=\"950\" height=\"475\" data-id=\"251\" src=\"https:\/\/henripel.com.br\/wp-content\/uploads\/2021\/08\/Empresa-de-Reciclagem.jpeg\" alt=\"\" class=\"wp-image-251\" srcset=\"https:\/\/www.henripel.com.br\/wp-content\/uploads\/2021\/08\/Empresa-de-Reciclagem.jpeg 950w, https:\/\/www.henripel.com.br\/wp-content\/uploads\/2021\/08\/Empresa-de-Reciclagem-300x150.jpeg 300w, https:\/\/www.henripel.com.br\/wp-content\/uploads\/2021\/08\/Empresa-de-Reciclagem-768x384.jpeg 768w\" sizes=\"auto, (max-width: 950px) 100vw, 950px\" \/><\/figure>\n\n\n\n<figure class=\"wp-block-image size-large\"><img loading=\"lazy\" decoding=\"async\" width=\"512\" height=\"302\" data-id=\"272\" src=\"https:\/\/henripel.com.br\/wp-content\/uploads\/2021\/08\/unnamed-1-1.jpg\" alt=\"\" class=\"wp-image-272\" srcset=\"https:\/\/www.henripel.com.br\/wp-content\/uploads\/2021\/08\/unnamed-1-1.jpg 512w, https:\/\/www.henripel.com.br\/wp-content\/uploads\/2021\/08\/unnamed-1-1-300x177.jpg 300w\" sizes=\"auto, (max-width: 512px) 100vw, 512px\" \/><\/figure>\n<\/figure>\n<\/div><\/div>\n<\/div>\n<\/div>\n<\/div><\/div>\n<\/div>\n<\/div>\n","protected":false},"excerpt":{"rendered":"<p>Somos uma empresa especializada na gest\u00e3o de res\u00edduos s\u00f3lidos recicl\u00e1veis e perigosos (classes I e II), oferecendo solu\u00e7\u00f5es completas e sustent\u00e1veis para ind\u00fastrias, com\u00e9rcios e diversos segmentos. Com mais de 14 anos de experi\u00eancia no mercado, unimos agilidade, comprometimento e responsabilidade ambiental para garantir a destina\u00e7\u00e3o correta de cada tipo de res\u00edduo. Tamb\u00e9m contamos com [&hellip;]<\/p>\n","protected":false},"author":1,"featured_media":0,"parent":0,"menu_order":0,"comment_status":"closed","ping_status":"closed","template":"templates\/template-page-full-width.php","meta":{"om_disable_all_campaigns":false,"_monsterinsights_skip_tracking":false,"_monsterinsights_sitenote_active":false,"_monsterinsights_sitenote_note":"","_monsterinsights_sitenote_category":0,"footnotes":""},"class_list":["post-185","page","type-page","status-publish","hentry"],"aioseo_notices":[],"_links":{"self":[{"href":"https:\/\/www.henripel.com.br\/index.php\/wp-json\/wp\/v2\/pages\/185","targetHints":{"allow":["GET"]}}],"collection":[{"href":"https:\/\/www.henripel.com.br\/index.php\/wp-json\/wp\/v2\/pages"}],"about":[{"href":"https:\/\/www.henripel.com.br\/index.php\/wp-json\/wp\/v2\/types\/page"}],"author":[{"embeddable":true,"href":"https:\/\/www.henripel.com.br\/index.php\/wp-json\/wp\/v2\/users\/1"}],"replies":[{"embeddable":true,"href":"https:\/\/www.henripel.com.br\/index.php\/wp-json\/wp\/v2\/comments?post=185"}],"version-history":[{"count":14,"href":"https:\/\/www.henripel.com.br\/index.php\/wp-json\/wp\/v2\/pages\/185\/revisions"}],"predecessor-version":[{"id":566,"href":"https:\/\/www.henripel.com.br\/index.php\/wp-json\/wp\/v2\/pages\/185\/revisions\/566"}],"wp:attachment":[{"href":"https:\/\/www.henripel.com.br\/index.php\/wp-json\/wp\/v2\/media?parent=185"}],"curies":[{"name":"wp","href":"https:\/\/api.w.org\/{rel}","templated":true}]}}